{"id":14,"date":"2021-08-12T15:31:24","date_gmt":"2021-08-12T15:31:24","guid":{"rendered":"http:\/\/zdravkoivanovic.com\/?page_id=14"},"modified":"2022-06-09T07:53:59","modified_gmt":"2022-06-09T07:53:59","slug":"home","status":"publish","type":"page","link":"https:\/\/zdravkoivanovic.com\/","title":{"rendered":"Home"},"content":{"rendered":"\n<div class=\"wp-block-columns container is-layout-flex wp-container-core-columns-is-layout-9d6595d7 wp-block-columns-is-layout-flex\">\n<div class=\"wp-block-column col-md-5 is-layout-flow wp-block-column-is-layout-flow\">\n<h2 class=\"wp-block-heading\">Ko je Zdravko Ivanovi\u0107?<\/h2>\n\n\n\n<p><br>Date of birth: 16.12.1991. <br>Preko 26 godina u sportu. Zadnjih 7 godina sam dio Proteini.si tima. Gdje je jedna od mojih pozicija, izme\u0111u ostalih, da budem savjetnik za ishranu, trening i suplementaciju. Iza sebe imam mnogo osvojenih medalja i priznanja iz oblasti sporta. Najvi\u0161e iz Jiu-Jitsu-a gdje sam nosioc 1 KYU stepena, i vi\u0161estruki sam prvak dr\u017eave iz datog sporta. Zaljubljenik sam u svaki vid fizi\u010dke aktivnosti i ona je osnov mog postojanja. Tr\u010danje, vo\u017enja bicikla, plivanje, sve vrste sporta sa loptom, i sve ostale vrste individualnih sportova, you name it.<\/p>\n<\/div>\n\n\n\n<div class=\"wp-block-column col-md-6 col-md-offset1 is-layout-flow wp-block-column-is-layout-flow\">\n<div style=\"height:55px\" aria-hidden=\"true\" class=\"wp-block-spacer\"><\/div>\n\n\n\n<figure class=\"wp-block-image size-full is-resized\"><img loading=\"lazy\" decoding=\"async\" src=\"http:\/\/zdravkoivanovic.com\/wp-content\/uploads\/2021\/08\/WEB-mockup-2.png\" alt=\"\" class=\"wp-image-89\" width=\"300\" height=\"300\" srcset=\"https:\/\/zdravkoivanovic.com\/wp-content\/uploads\/2021\/08\/WEB-mockup-2.png 1001w, https:\/\/zdravkoivanovic.com\/wp-content\/uploads\/2021\/08\/WEB-mockup-2-160x160.png 160w, https:\/\/zdravkoivanovic.com\/wp-content\/uploads\/2021\/08\/WEB-mockup-2-600x600.png 600w, https:\/\/zdravkoivanovic.com\/wp-content\/uploads\/2021\/08\/WEB-mockup-2-300x300.png 300w, https:\/\/zdravkoivanovic.com\/wp-content\/uploads\/2021\/08\/WEB-mockup-2-150x150.png 150w, https:\/\/zdravkoivanovic.com\/wp-content\/uploads\/2021\/08\/WEB-mockup-2-768x768.png 768w\" sizes=\"auto, (max-width: 300px) 100vw, 300px\" \/><\/figure>\n\n\n\n<p><\/p>\n<\/div>\n<\/div>\n","protected":false},"excerpt":{"rendered":"<p>Ko je Zdravko Ivanovi\u0107? Date of birth: 16.12.1991. Preko 26 godina u sportu. Zadnjih 7 godina sam dio Proteini.si tima. Gdje je jedna od mojih pozicija, izme\u0111u ostalih, da budem savjetnik za ishranu, trening i suplementaciju. Iza sebe imam mnogo osvojenih medalja i priznanja iz oblasti sporta. Najvi\u0161e iz Jiu-Jitsu-a [&hellip;]<\/p>\n","protected":false},"author":2,"featured_media":91,"parent":0,"menu_order":0,"comment_status":"closed","ping_status":"closed","template":"","meta":{"_monsterinsights_skip_tracking":false,"_monsterinsights_sitenote_active":false,"_monsterinsights_sitenote_note":"","_monsterinsights_sitenote_category":0,"footnotes":""},"class_list":["post-14","page","type-page","status-publish","has-post-thumbnail","hentry"],"aioseo_notices":[],"jetpack_sharing_enabled":true,"_links":{"self":[{"href":"https:\/\/zdravkoivanovic.com\/index.php\/wp-json\/wp\/v2\/pages\/14","targetHints":{"allow":["GET"]}}],"collection":[{"href":"https:\/\/zdravkoivanovic.com\/index.php\/wp-json\/wp\/v2\/pages"}],"about":[{"href":"https:\/\/zdravkoivanovic.com\/index.php\/wp-json\/wp\/v2\/types\/page"}],"author":[{"embeddable":true,"href":"https:\/\/zdravkoivanovic.com\/index.php\/wp-json\/wp\/v2\/users\/2"}],"replies":[{"embeddable":true,"href":"https:\/\/zdravkoivanovic.com\/index.php\/wp-json\/wp\/v2\/comments?post=14"}],"version-history":[{"count":24,"href":"https:\/\/zdravkoivanovic.com\/index.php\/wp-json\/wp\/v2\/pages\/14\/revisions"}],"predecessor-version":[{"id":139,"href":"https:\/\/zdravkoivanovic.com\/index.php\/wp-json\/wp\/v2\/pages\/14\/revisions\/139"}],"wp:featuredmedia":[{"embeddable":true,"href":"https:\/\/zdravkoivanovic.com\/index.php\/wp-json\/wp\/v2\/media\/91"}],"wp:attachment":[{"href":"https:\/\/zdravkoivanovic.com\/index.php\/wp-json\/wp\/v2\/media?parent=14"}],"curies":[{"name":"wp","href":"https:\/\/api.w.org\/{rel}","templated":true}]}}